{"id":34,"date":"2026-04-24T20:57:13","date_gmt":"2026-04-24T18:57:13","guid":{"rendered":"https:\/\/difirsa-enginefil.com\/?page_id=34"},"modified":"2026-04-25T01:39:08","modified_gmt":"2026-04-24T23:39:08","slug":"valvulas-pcv","status":"publish","type":"page","link":"https:\/\/difirsa-enginefil.com\/?page_id=34","title":{"rendered":"V\u00e1lvulas PCV"},"content":{"rendered":"\t\t<div data-elementor-type=\"wp-page\" data-elementor-id=\"34\" class=\"elementor elementor-34\">\n\t\t\t\t<div class=\"elementor-element elementor-element-638d894 e-flex e-con-boxed e-con e-parent\" data-id=\"638d894\" data-element_type=\"container\" data-e-type=\"container\">\n\t\t\t\t\t<div class=\"e-con-inner\">\n\t\t\t\t<div class=\"elementor-element elementor-element-8382ffe elementor-widget elementor-widget-heading\" data-id=\"8382ffe\" data-element_type=\"widget\" data-e-type=\"widget\" data-widget_type=\"heading.default\">\n\t\t\t\t\t<h2 class=\"elementor-heading-title elementor-size-default\">El coraz\u00f3n de tu motor necesita equilibrio<\/h2>\t\t\t\t<\/div>\n\t\t\t\t\t<\/div>\n\t\t\t\t<\/div>\n\t\t<div class=\"elementor-element elementor-element-615f10e e-flex e-con-boxed e-con e-parent\" data-id=\"615f10e\" data-element_type=\"container\" data-e-type=\"container\">\n\t\t\t\t\t<div class=\"e-con-inner\">\n\t\t\t\t<div class=\"elementor-element elementor-element-3815517 elementor-widget elementor-widget-text-editor\" data-id=\"3815517\" data-element_type=\"widget\" data-e-type=\"widget\" data-widget_type=\"text-editor.default\">\n\t\t\t\t\t\t\t\t\t<h3 style=\"text-align: center;\">Las v\u00e1lvulas PCV <strong>ENGINEFIL<\/strong> regulan la presi\u00f3n interna, reducen emisiones y prolongan la vida \u00fatil de tu veh\u00edculo.<\/h3><h3>\u00a0<\/h3><h3 style=\"text-align: center;\">Tecnolog\u00eda confiable que mantiene tu motor eficiente y tu camino libre de preocupaciones.<\/h3>\t\t\t\t\t\t\t\t<\/div>\n\t\t\t\t\t<\/div>\n\t\t\t\t<\/div>\n\t\t<div class=\"elementor-element elementor-element-7e09fa6 e-flex e-con-boxed e-con e-parent\" data-id=\"7e09fa6\" data-element_type=\"container\" data-e-type=\"container\">\n\t\t\t\t\t<div class=\"e-con-inner\">\n\t\t\t\t\t\t\t\n\t\t<img class=\"e-image-base e-4bbf695-f40bb04\" \n\t\t\t\t\tdata-interaction-id=\"4bbf695\" \n\t\t \n\t\t \n\t\t\t\t\t\t\t\t\tid=\"119\"\n\t\t\t\t\t\t\t\t\t\t\t\tsrc=\"https:\/\/difirsa-enginefil.com\/wp-content\/uploads\/2026\/04\/EPCV-362__5_-removebg-preview.webp\"\n\t\t\t\t\t\t\t\t\t\t\t\twidth=\"577\"\n\t\t\t\t\t\t\t\t\t\t\t\theight=\"433\"\n\t\t\t\t\t\t\t\t\t\t\t\tsrcset=\"https:\/\/difirsa-enginefil.com\/wp-content\/uploads\/2026\/04\/EPCV-362__5_-removebg-preview.webp 577w, https:\/\/difirsa-enginefil.com\/wp-content\/uploads\/2026\/04\/EPCV-362__5_-removebg-preview-300x225.webp 300w\"\n\t\t\t\t\t\t\t\t\t\t\t\talt=\"\"\n\t\t\t\t\t\t\/>\n\t\t\t\t\t\t<\/div>\n\t\t\t\t<\/div>\n\t\t<div class=\"elementor-element elementor-element-6ca5a49 e-flex e-con-boxed e-con e-parent\" data-id=\"6ca5a49\" data-element_type=\"container\" data-e-type=\"container\">\n\t\t\t\t\t<div class=\"e-con-inner\">\n\t\t\t\t<div class=\"elementor-element elementor-element-d407b5f elementor-widget elementor-widget-html\" data-id=\"d407b5f\" data-element_type=\"widget\" data-e-type=\"widget\" data-widget_type=\"html.default\">\n\t\t\t\t\t<div style=\"position: relative; width: 100%; height: 0; padding-top: 141.4286%;\r\n padding-bottom: 0; box-shadow: 0 2px 8px 0 rgba(63,69,81,0.16); margin-top: 1.6em; margin-bottom: 0.9em; overflow: hidden;\r\n border-radius: 8px; will-change: transform;\">\r\n  <iframe loading=\"lazy\" style=\"position: absolute; width: 100%; height: 100%; top: 0; left: 0; border: none; padding: 0;margin: 0;\"\r\n    src=\"https:\/\/www.canva.com\/design\/DAHG9i4ifhc\/9grDqSzGwRl9USxDx1cBIw\/watch?embed\" allowfullscreen=\"allowfullscreen\" allow=\"fullscreen\">\r\n  <\/iframe>\r\n<\/div>\r\n<a href=\"https:&#x2F;&#x2F;www.canva.com&#x2F;design&#x2F;DAHG9i4ifhc&#x2F;9grDqSzGwRl9USxDx1cBIw&#x2F;watch?utm_content=DAHG9i4ifhc&amp;utm_campaign=designshare&amp;utm_medium=embeds&amp;utm_source=link\" target=\"_blank\" rel=\"noopener\">CAT\u00c1LOGO V\u00c1LVULAS ENGINEFIL<\/a> de CAT\u00c1LOGOS\t\t\t\t<\/div>\n\t\t\t\t\t<\/div>\n\t\t\t\t<\/div>\n\t\t<div class=\"elementor-element elementor-element-9bffeef e-flex e-con-boxed e-con e-parent\" data-id=\"9bffeef\" data-element_type=\"container\" data-e-type=\"container\">\n\t\t\t\t\t<div class=\"e-con-inner\">\n\t\t\t\t\t    \t            <button class=\"e-6f60e7b-e134e28 e-button-base\" data-interaction-id=\"6f60e7b\"  >\n            Quiero hacer mi pedido\n        <\/button>\n    \t\t\t\t\t<\/div>\n\t\t\t\t<\/div>\n\t\t\t\t<\/div>\n\t\t","protected":false},"excerpt":{"rendered":"<p>El coraz\u00f3n de tu motor necesita equilibrio Las v\u00e1lvulas PCV ENGINEFIL regulan la presi\u00f3n interna, reducen emisiones y prolongan la vida \u00fatil de tu veh\u00edculo. \u00a0 Tecnolog\u00eda confiable que mantiene tu motor eficiente y tu camino libre de preocupaciones. CAT\u00c1LOGO V\u00c1LVULAS ENGINEFIL de CAT\u00c1LOGOS Quiero hacer mi pedido<\/p>\n","protected":false},"author":1,"featured_media":22,"parent":0,"menu_order":0,"comment_status":"closed","ping_status":"closed","template":"","meta":{"footnotes":""},"class_list":["post-34","page","type-page","status-publish","has-post-thumbnail","hentry"],"_links":{"self":[{"href":"https:\/\/difirsa-enginefil.com\/index.php?rest_route=\/wp\/v2\/pages\/34","targetHints":{"allow":["GET"]}}],"collection":[{"href":"https:\/\/difirsa-enginefil.com\/index.php?rest_route=\/wp\/v2\/pages"}],"about":[{"href":"https:\/\/difirsa-enginefil.com\/index.php?rest_route=\/wp\/v2\/types\/page"}],"author":[{"embeddable":true,"href":"https:\/\/difirsa-enginefil.com\/index.php?rest_route=\/wp\/v2\/users\/1"}],"replies":[{"embeddable":true,"href":"https:\/\/difirsa-enginefil.com\/index.php?rest_route=%2Fwp%2Fv2%2Fcomments&post=34"}],"version-history":[{"count":5,"href":"https:\/\/difirsa-enginefil.com\/index.php?rest_route=\/wp\/v2\/pages\/34\/revisions"}],"predecessor-version":[{"id":126,"href":"https:\/\/difirsa-enginefil.com\/index.php?rest_route=\/wp\/v2\/pages\/34\/revisions\/126"}],"wp:featuredmedia":[{"embeddable":true,"href":"https:\/\/difirsa-enginefil.com\/index.php?rest_route=\/wp\/v2\/media\/22"}],"wp:attachment":[{"href":"https:\/\/difirsa-enginefil.com\/index.php?rest_route=%2Fwp%2Fv2%2Fmedia&parent=34"}],"curies":[{"name":"wp","href":"https:\/\/api.w.org\/{rel}","templated":true}]}}